{"id":147,"date":"2024-08-21T17:37:47","date_gmt":"2024-08-21T15:37:47","guid":{"rendered":"https:\/\/fahrschule-krummenacher.ch\/?page_id=147"},"modified":"2025-05-23T21:06:04","modified_gmt":"2025-05-23T19:06:04","slug":"verkehrskundekurs","status":"publish","type":"page","link":"https:\/\/fahrschule-krummenacher.ch\/index.php\/verkehrskundekurs\/","title":{"rendered":"Verkehrskundeunterricht"},"content":{"rendered":"<p>[et_pb_section fb_built=&#8220;1&#8243; fullwidth=&#8220;on&#8220; _builder_version=&#8220;4.27.2&#8243; _module_preset=&#8220;default&#8220; background_color=&#8220;rgba(0,0,0,0.46)&#8220; background_image=&#8220;https:\/\/fahrschule-krummenacher.ch\/wp-content\/uploads\/2024\/10\/FotoFi_039-scaled.jpg&#8220; background_position=&#8220;top_center&#8220; background_vertical_offset=&#8220;14%&#8220; background_blend=&#8220;darken&#8220; height=&#8220;374px&#8220; global_colors_info=&#8220;{}&#8220;][et_pb_fullwidth_header title=&#8220;Verkehrskunde Unterricht&#8220; _builder_version=&#8220;4.27.2&#8243; _module_preset=&#8220;default&#8220; title_font=&#8220;|800|||||||&#8220; title_text_align=&#8220;center&#8220; title_text_color=&#8220;gcid-6a4c7f79-9d83-4790-b970-5d1a198a57ea&#8220; title_font_size=&#8220;33px&#8220; background_enable_color=&#8220;off&#8220; module_alignment=&#8220;center&#8220; custom_margin=&#8220;||||false|false&#8220; custom_padding=&#8220;5%||5%||true|false&#8220; global_colors_info=&#8220;{%22gcid-6a4c7f79-9d83-4790-b970-5d1a198a57ea%22:%91%22title_text_color%22%93}&#8220;][\/et_pb_fullwidth_header][\/et_pb_section][et_pb_section fb_built=&#8220;1&#8243; _builder_version=&#8220;4.27.0&#8243; _module_preset=&#8220;default&#8220; global_colors_info=&#8220;{}&#8220;][et_pb_row _builder_version=&#8220;4.27.0&#8243; _module_preset=&#8220;default&#8220; global_colors_info=&#8220;{}&#8220;][et_pb_column type=&#8220;4_4&#8243; _builder_version=&#8220;4.27.0&#8243; _module_preset=&#8220;default&#8220; global_colors_info=&#8220;{}&#8220;][dipl_text_animator _builder_version=&#8220;4.27.0&#8243; _module_preset=&#8220;default&#8220; global_colors_info=&#8220;{}&#8220;][\/dipl_text_animator][\/et_pb_column][\/et_pb_row][et_pb_row column_structure=&#8220;1_2,1_2&#8243; _builder_version=&#8220;4.27.2&#8243; _module_preset=&#8220;default&#8220; global_colors_info=&#8220;{}&#8220;][et_pb_column type=&#8220;1_2&#8243; _builder_version=&#8220;4.27.2&#8243; _module_preset=&#8220;default&#8220; global_colors_info=&#8220;{}&#8220;][et_pb_cta title=&#8220;Verkehrskunde Unterricht VKU&#8220; button_text=&#8220;Klicks&#8220; _builder_version=&#8220;4.27.2&#8243; _module_preset=&#8220;default&#8220; header_font=&#8220;|700|||||||&#8220; header_text_color=&#8220;#000000&#8243; body_text_color=&#8220;#000000&#8243; background_color=&#8220;RGBA(255,255,255,0)&#8220; text_orientation=&#8220;left&#8220; background_layout=&#8220;light&#8220; custom_margin=&#8220;||0px||false|false&#8220; custom_padding=&#8220;||0px||false|false&#8220; border_radii=&#8220;on|15px|15px|15px|15px&#8220; global_colors_info=&#8220;{}&#8220;]<\/p>\n<p><span>Der Verkehrskunde Kurs ist obligatorisch. Dieser muss nach bestandener Theoriepr\u00fcfung besucht werden. Wir Fahrlehrer empfehlen dir, den Verkehrskundekurs m\u00f6glichst am Anfang deiner Fahrausbildung zu absolvieren. Im Idealfall ist das vor deinen ersten Fahrstunden. Aufgrund der praxisbezogenen Ausrichtung, mit welcher dir viele praktische Grundlagen vermittelt werden, profitierst du so optimal f\u00fcr den Fahrunterricht.<\/span><\/p>\n<p>[\/et_pb_cta][et_pb_button button_url=&#8220;#booking&#8220; button_text=&#8220;Jetzt Anmelden&#8220; button_alignment=&#8220;center&#8220; _builder_version=&#8220;4.27.2&#8243; _module_preset=&#8220;default&#8220; custom_button=&#8220;on&#8220; button_text_color=&#8220;gcid-6a4c7f79-9d83-4790-b970-5d1a198a57ea&#8220; global_colors_info=&#8220;{%22gcid-6a4c7f79-9d83-4790-b970-5d1a198a57ea%22:%91%22button_text_color%22%93}&#8220;][\/et_pb_button][\/et_pb_column][et_pb_column type=&#8220;1_2&#8243; _builder_version=&#8220;4.27.2&#8243; _module_preset=&#8220;default&#8220; global_colors_info=&#8220;{}&#8220;][et_pb_image src=&#8220;https:\/\/fahrschule-krummenacher.ch\/wp-content\/uploads\/2024\/10\/FotoFi_035-scaled.jpg&#8220; title_text=&#8220;FotoFi_035&#8243; _builder_version=&#8220;4.27.2&#8243; _module_preset=&#8220;default&#8220; border_radii=&#8220;on|15px|15px|15px|15px&#8220; global_colors_info=&#8220;{}&#8220;][\/et_pb_image][\/et_pb_column][\/et_pb_row][\/et_pb_section][et_pb_section fb_built=&#8220;1&#8243; _builder_version=&#8220;4.27.2&#8243; _module_preset=&#8220;default&#8220; background_color=&#8220;rgba(0,0,0,0.67)&#8220; global_colors_info=&#8220;{}&#8220;][et_pb_row column_structure=&#8220;1_4,1_4,1_4,1_4&#8243; _builder_version=&#8220;4.27.2&#8243; _module_preset=&#8220;default&#8220; global_colors_info=&#8220;{}&#8220;][et_pb_column type=&#8220;1_4&#8243; _builder_version=&#8220;4.27.2&#8243; _module_preset=&#8220;default&#8220; global_colors_info=&#8220;{}&#8220;][et_pb_blurb use_icon=&#8220;on&#8220; font_icon=&#8220;&#x5a;||divi||400&#8243; icon_color=&#8220;gcid-6a4c7f79-9d83-4790-b970-5d1a198a57ea&#8220; _builder_version=&#8220;4.27.2&#8243; _module_preset=&#8220;default&#8220; background_layout=&#8220;dark&#8220; global_colors_info=&#8220;{%22gcid-6a4c7f79-9d83-4790-b970-5d1a198a57ea%22:%91%22icon_color%22%93}&#8220;]<\/p>\n<p><span>Der Unterricht umfasst 4\u00d72 Lektionen aus den unten aufgef\u00fchrten Themenbereichen.<\/span><\/p>\n<p>[\/et_pb_blurb][\/et_pb_column][et_pb_column type=&#8220;1_4&#8243; _builder_version=&#8220;4.27.2&#8243; _module_preset=&#8220;default&#8220; global_colors_info=&#8220;{}&#8220;][et_pb_blurb use_icon=&#8220;on&#8220; font_icon=&#8220;&#x73;||divi||400&#8243; icon_color=&#8220;gcid-6a4c7f79-9d83-4790-b970-5d1a198a57ea&#8220; _builder_version=&#8220;4.27.2&#8243; _module_preset=&#8220;default&#8220; background_layout=&#8220;dark&#8220; global_colors_info=&#8220;{%22gcid-6a4c7f79-9d83-4790-b970-5d1a198a57ea%22:%91%22icon_color%22%93}&#8220;]<\/p>\n<p><span>Im Verkehrskundeunterricht (VKU) wird gemeinsam in der Gruppe der Verkehrssinn und die Gefahrenerkennung geschult.<\/span><\/p>\n<p>[\/et_pb_blurb][\/et_pb_column][et_pb_column type=&#8220;1_4&#8243; _builder_version=&#8220;4.27.2&#8243; _module_preset=&#8220;default&#8220; global_colors_info=&#8220;{}&#8220;][et_pb_blurb use_icon=&#8220;on&#8220; font_icon=&#8220;&#xe007;||divi||400&#8243; icon_color=&#8220;gcid-6a4c7f79-9d83-4790-b970-5d1a198a57ea&#8220; _builder_version=&#8220;4.27.2&#8243; _module_preset=&#8220;default&#8220; background_layout=&#8220;dark&#8220; global_colors_info=&#8220;{%22gcid-6a4c7f79-9d83-4790-b970-5d1a198a57ea%22:%91%22icon_color%22%93}&#8220;]<\/p>\n<p><span>Weiter gibt es n\u00fctzliche Tipps zur Fahrzeugwartung und zum Verhalten bei Unf\u00e4llen.<\/span><\/p>\n<p>[\/et_pb_blurb][\/et_pb_column][et_pb_column type=&#8220;1_4&#8243; _builder_version=&#8220;4.27.2&#8243; _module_preset=&#8220;default&#8220; global_colors_info=&#8220;{}&#8220;][et_pb_blurb use_icon=&#8220;on&#8220; font_icon=&#8220;&#xf164;||fa||400&#8243; icon_color=&#8220;gcid-6a4c7f79-9d83-4790-b970-5d1a198a57ea&#8220; _builder_version=&#8220;4.27.2&#8243; _module_preset=&#8220;default&#8220; background_layout=&#8220;dark&#8220; global_colors_info=&#8220;{%22gcid-6a4c7f79-9d83-4790-b970-5d1a198a57ea%22:%91%22icon_color%22%93}&#8220;]<\/p>\n<p><span>Am Schluss des VKU Kurses erh\u00e4ltst du eine Best\u00e4tigung, die du zur Anmeldung zur praktischen Fahrpr\u00fcfung ben\u00f6tigst.<\/span><\/p>\n<p>[\/et_pb_blurb][\/et_pb_column][\/et_pb_row][\/et_pb_section][et_pb_section fb_built=&#8220;1&#8243; _builder_version=&#8220;4.27.2&#8243; _module_preset=&#8220;default&#8220; global_colors_info=&#8220;{}&#8220;][et_pb_row _builder_version=&#8220;4.27.2&#8243; _module_preset=&#8220;default&#8220; global_colors_info=&#8220;{}&#8220;][et_pb_column type=&#8220;4_4&#8243; _builder_version=&#8220;4.27.2&#8243; _module_preset=&#8220;default&#8220; global_colors_info=&#8220;{}&#8220;][et_pb_text _builder_version=&#8220;4.27.2&#8243; _module_preset=&#8220;default&#8220; global_colors_info=&#8220;{}&#8220;]<\/p>\n<h1 style=\"text-align: center;\">Inhalt und Module des Verkehrskunde Unterrichts<\/h1>\n<p>[\/et_pb_text][\/et_pb_column][\/et_pb_row][et_pb_row column_structure=&#8220;1_4,1_4,1_4,1_4&#8243; _builder_version=&#8220;4.27.2&#8243; _module_preset=&#8220;default&#8220; global_colors_info=&#8220;{}&#8220;][et_pb_column type=&#8220;1_4&#8243; _builder_version=&#8220;4.27.2&#8243; _module_preset=&#8220;default&#8220; global_colors_info=&#8220;{}&#8220;][et_pb_blurb title=&#8220;Teil 1 Verkehrssehen&#8220; _builder_version=&#8220;4.27.2&#8243; _module_preset=&#8220;default&#8220; header_font=&#8220;|700|||||||&#8220; body_text_color=&#8220;#000000&#8243; height=&#8220;380px&#8220; custom_padding=&#8220;5px|10px|5px|10px|true|true&#8220; border_radii=&#8220;on|15px|15px|15px|15px&#8220; border_width_all=&#8220;2px&#8220; border_color_all=&#8220;rgba(0,0,0,0.54)&#8220; box_shadow_style=&#8220;preset2&#8243; global_colors_info=&#8220;{}&#8220;]<\/p>\n<p _ngcontent-ng-c203947811=\"\" class=\"my-2.5 body-3 text-text-light\">Lerne Situationen im Strassenverkehr richtig einzusch\u00e4tzen und Gefahren im Voraus zu erkennen. Wir beginnen mit der Verkehrssicherheitslehre und der Funktionsweise der menschlichen Sinnesorgane.<\/p>\n<p _ngcontent-ng-c203947811=\"\" class=\"my-2.5 body-3 text-text-light\">\n<div _ngcontent-ng-c203947811=\"\" class=\"flex flex-col mt-auto\">\n<ul _ngcontent-ng-c203947811=\"\" class=\"list-disc pl-5\">\n<li _ngcontent-ng-c203947811=\"\" class=\"capture-3 mb-2.5 text-[#454545]\">Regelkreis \/ Gefahrengabel<\/li>\n<li _ngcontent-ng-c203947811=\"\" class=\"capture-3 mb-2.5 text-[#454545]\">Sinnesorgane<\/li>\n<li _ngcontent-ng-c203947811=\"\" class=\"capture-3 mb-2.5 text-[#454545]\">Optische T\u00e4uschung<\/li>\n<li _ngcontent-ng-c203947811=\"\" class=\"capture-3 mb-2.5 text-[#454545]\">Blickf\u00fchrung<\/li>\n<li _ngcontent-ng-c203947811=\"\" class=\"capture-3 mb-2.5 text-[#454545]\">Reize &amp; Reaktionen<\/li>\n<\/ul>\n<\/div>\n<p>[\/et_pb_blurb][\/et_pb_column][et_pb_column type=&#8220;1_4&#8243; _builder_version=&#8220;4.27.2&#8243; _module_preset=&#8220;default&#8220; global_colors_info=&#8220;{}&#8220;][et_pb_blurb title=&#8220;Teil 2 Verkehrsumwelt&#8220; _builder_version=&#8220;4.27.4&#8243; _module_preset=&#8220;default&#8220; header_font=&#8220;|700|||||||&#8220; body_text_color=&#8220;#000000&#8243; height=&#8220;380px&#8220; custom_padding=&#8220;5px|10px|5px|10px|true|true&#8220; border_radii=&#8220;on|15px|15px|15px|15px&#8220; border_width_all=&#8220;2px&#8220; border_color_all=&#8220;rgba(0,0,0,0.54)&#8220; box_shadow_style=&#8220;preset2&#8243; global_colors_info=&#8220;{}&#8220;]<\/p>\n<p _ngcontent-ng-c203947811=\"\" class=\"my-2.5 body-3 text-text-light\">Erlerne mehr \u00fcber andere Verkehrsteilnehmer und wie du ihr Verhalten einsch\u00e4tzen und bei Fehlverhalten richtig reagieren kannst.<\/p>\n<div _ngcontent-ng-c203947811=\"\" class=\"flex flex-col mt-auto\">\n<ul _ngcontent-ng-c203947811=\"\" class=\"list-disc pl-5\">\n<li _ngcontent-ng-c203947811=\"\" class=\"capture-3 mb-2.5 text-[#454545]\">3-A Training<\/li>\n<li _ngcontent-ng-c203947811=\"\" class=\"capture-3 mb-2.5 text-[#454545]\">Partnerkunde<\/li>\n<li _ngcontent-ng-c203947811=\"\" class=\"capture-3 mb-2.5 text-[#454545]\">Spezielle Verkehrspartner \/Strassen<\/li>\n<li _ngcontent-ng-c203947811=\"\" class=\"capture-3 mb-2.5 text-[#454545]\">Tunnel<\/li>\n<li _ngcontent-ng-c203947811=\"\" class=\"capture-3 mb-2.5 text-[#454545]\">Tageskunde<\/li>\n<\/ul>\n<\/div>\n<p>[\/et_pb_blurb][\/et_pb_column][et_pb_column type=&#8220;1_4&#8243; _builder_version=&#8220;4.27.2&#8243; _module_preset=&#8220;default&#8220; global_colors_info=&#8220;{}&#8220;][et_pb_blurb title=&#8220;Teil 3 Verkehrsdynamik&#8220; _builder_version=&#8220;4.27.2&#8243; _module_preset=&#8220;default&#8220; header_font=&#8220;|700|||||||&#8220; body_text_color=&#8220;#000000&#8243; height=&#8220;380px&#8220; custom_padding=&#8220;5px|10px|5px|10px|true|true&#8220; border_radii=&#8220;on|15px|15px|15px|15px&#8220; border_width_all=&#8220;2px&#8220; border_color_all=&#8220;rgba(0,0,0,0.54)&#8220; box_shadow_style=&#8220;preset2&#8243; global_colors_info=&#8220;{}&#8220;]<\/p>\n<p _ngcontent-ng-c203947811=\"\" class=\"my-2.5 body-3 text-text-light\">Die Betriebs- und Verkehrssicherheit am Auto, die Fahrphysik und das vorausschauende Fahren sind Inhalte dieser Lektion.<\/p>\n<p _ngcontent-ng-c203947811=\"\" class=\"my-2.5 body-3 text-text-light\">\n<div _ngcontent-ng-c203947811=\"\" class=\"flex flex-col mt-auto\">\n<ul _ngcontent-ng-c203947811=\"\" class=\"list-disc pl-5\">\n<li _ngcontent-ng-c203947811=\"\" class=\"capture-3 mb-2.5 text-[#454545]\">Verkehrsbewegungslehre<\/li>\n<li _ngcontent-ng-c203947811=\"\" class=\"capture-3 mb-2.5 text-[#454545]\">Widerst\u00e4nde und Kr\u00e4fte<\/li>\n<li _ngcontent-ng-c203947811=\"\" class=\"capture-3 mb-2.5 text-[#454545]\">Kinetische Energie<\/li>\n<li _ngcontent-ng-c203947811=\"\" class=\"capture-3 mb-2.5 text-[#454545]\">Verkehrs- und Betriebssicherheit<\/li>\n<\/ul>\n<\/div>\n<p>[\/et_pb_blurb][\/et_pb_column][et_pb_column type=&#8220;1_4&#8243; _builder_version=&#8220;4.27.2&#8243; _module_preset=&#8220;default&#8220; global_colors_info=&#8220;{}&#8220;][et_pb_blurb title=&#8220;Teil 4 Verkehrstaktik&#8220; _builder_version=&#8220;4.27.2&#8243; _module_preset=&#8220;default&#8220; header_font=&#8220;|700|||||||&#8220; body_text_color=&#8220;#000000&#8243; height=&#8220;380px&#8220; custom_padding=&#8220;5px|10px|5px|10px|true|true&#8220; border_radii=&#8220;on|15px|15px|15px|15px&#8220; border_width_all=&#8220;2px&#8220; border_color_all=&#8220;rgba(0,0,0,0.54)&#8220; box_shadow_style=&#8220;preset2&#8243; global_colors_info=&#8220;{}&#8220;]<\/p>\n<p _ngcontent-ng-c203947811=\"\" class=\"my-2.5 body-3 text-text-light\">Erlerne die Theorie des umweltbewussten Fahrens und erfahre, was deine Fahrf\u00e4higkeit herabsetzt.<\/p>\n<p _ngcontent-ng-c203947811=\"\" class=\"my-2.5 body-3 text-text-light\">\n<div _ngcontent-ng-c203947811=\"\" class=\"flex flex-col mt-auto\">\n<ul _ngcontent-ng-c203947811=\"\" class=\"list-disc pl-5\">\n<li _ngcontent-ng-c203947811=\"\" class=\"capture-3 mb-2.5 text-[#454545]\">ECO-Drive<\/li>\n<li _ngcontent-ng-c203947811=\"\" class=\"capture-3 mb-2.5 text-[#454545]\">Sicheres Fahren<\/li>\n<li _ngcontent-ng-c203947811=\"\" class=\"capture-3 mb-2.5 text-[#454545]\">Unfallfolgen<\/li>\n<li _ngcontent-ng-c203947811=\"\" class=\"capture-3 mb-2.5 text-[#454545]\">Medikamente, Alkohol, Drogen<\/li>\n<\/ul>\n<\/div>\n<p>[\/et_pb_blurb][\/et_pb_column][\/et_pb_row][et_pb_row _builder_version=&#8220;4.27.2&#8243; _module_preset=&#8220;default&#8220; global_colors_info=&#8220;{}&#8220;][et_pb_column type=&#8220;4_4&#8243; _builder_version=&#8220;4.27.2&#8243; _module_preset=&#8220;default&#8220; global_colors_info=&#8220;{}&#8220;][et_pb_button button_url=&#8220;#booking&#8220; button_text=&#8220;Jetzt Anmelden&#8220; button_alignment=&#8220;center&#8220; _builder_version=&#8220;4.27.2&#8243; _module_preset=&#8220;default&#8220; custom_button=&#8220;on&#8220; button_text_color=&#8220;gcid-6a4c7f79-9d83-4790-b970-5d1a198a57ea&#8220; global_colors_info=&#8220;{%22gcid-6a4c7f79-9d83-4790-b970-5d1a198a57ea%22:%91%22button_text_color%22%93}&#8220;][\/et_pb_button][\/et_pb_column][\/et_pb_row][\/et_pb_section][et_pb_section fb_built=&#8220;1&#8243; module_id=&#8220;booking&#8220; _builder_version=&#8220;4.27.2&#8243; _module_preset=&#8220;default&#8220; background_image=&#8220;https:\/\/fahrschule-krummenacher.ch\/wp-content\/uploads\/2024\/10\/FotoFi_120-scaled.jpg&#8220; background_blend=&#8220;darken&#8220; global_colors_info=&#8220;{}&#8220;][et_pb_row _builder_version=&#8220;4.27.2&#8243; _module_preset=&#8220;default&#8220; global_colors_info=&#8220;{}&#8220;][et_pb_column type=&#8220;4_4&#8243; _builder_version=&#8220;4.27.2&#8243; _module_preset=&#8220;default&#8220; global_colors_info=&#8220;{}&#8220;][divi_events_list_booking booking_params=&#8220;on&#8220; tags=&#8220;{VKU}&#8220; locations=&#8220;7&#8243; in_dialog=&#8220;on&#8220; _builder_version=&#8220;4.27.2&#8243; _module_preset=&#8220;default&#8220; module_text_align=&#8220;center&#8220; global_colors_info=&#8220;{}&#8220;][\/divi_events_list_booking][\/et_pb_column][\/et_pb_row][\/et_pb_section]<\/p>\n","protected":false},"excerpt":{"rendered":"<p><div class=\"et_pb_module dipl_text_animator dipl_text_animator_0\">\n\t\t\t\t\n\t\t\t\t\n\t\t\t\t\n\t\t\t\t\n\t\t\t\t\n\t\t\t\t\n\t\t\t\t<div class=\"et_pb_module_inner\">\n\t\t\t\t\t<div class=\"animated_text_wrapper dipl-fade\">\n\t\t\t\t<h2>\n\t\t\t\t\n\t\t\t\t<span\n\t\t\t\t\tclass=\"animated_text dipl_main_part\" \n\t\t\t\t\tdata-wait-time=\"2000\"\n\t\t\t\t\tdata-animation-time=\"500\"\n\t\t\t\t\tdata-text=\"\"\n\t\t\t\t\tdata-stop-animation-on-hover=\"off\"\n\t\t\t\t\tdata-animate-only-once=\"off\"\n\t\t\t\t><\/span>\n\t\t\t\t\n\t\t\t\t<\/h2>\n\t\t\t<\/div>\n\t\t\t\t<\/div>\n\t\t\t<\/div>Der Verkehrskunde Kurs ist obligatorisch. Dieser muss nach bestandener Theoriepr\u00fcfung besucht werden. Wir Fahrlehrer empfehlen dir, den Verkehrskundekurs m\u00f6glichst am Anfang deiner Fahrausbildung zu absolvieren. Im Idealfall ist das vor deinen ersten Fahrstunden. Aufgrund der praxisbezogenen Ausrichtung, mit welcher dir viele praktische Grundlagen vermittelt werden, profitierst du so optimal f\u00fcr den Fahrunterricht.Der [&hellip;]<\/p>\n","protected":false},"author":1,"featured_media":0,"parent":0,"menu_order":0,"comment_status":"closed","ping_status":"closed","template":"","meta":{"_et_pb_use_builder":"on","_et_pb_old_content":"","_et_gb_content_width":"","footnotes":""},"class_list":["post-147","page","type-page","status-publish","hentry"],"_links":{"self":[{"href":"https:\/\/fahrschule-krummenacher.ch\/index.php\/wp-json\/wp\/v2\/pages\/147","targetHints":{"allow":["GET"]}}],"collection":[{"href":"https:\/\/fahrschule-krummenacher.ch\/index.php\/wp-json\/wp\/v2\/pages"}],"about":[{"href":"https:\/\/fahrschule-krummenacher.ch\/index.php\/wp-json\/wp\/v2\/types\/page"}],"author":[{"embeddable":true,"href":"https:\/\/fahrschule-krummenacher.ch\/index.php\/wp-json\/wp\/v2\/users\/1"}],"replies":[{"embeddable":true,"href":"https:\/\/fahrschule-krummenacher.ch\/index.php\/wp-json\/wp\/v2\/comments?post=147"}],"version-history":[{"count":30,"href":"https:\/\/fahrschule-krummenacher.ch\/index.php\/wp-json\/wp\/v2\/pages\/147\/revisions"}],"predecessor-version":[{"id":245426,"href":"https:\/\/fahrschule-krummenacher.ch\/index.php\/wp-json\/wp\/v2\/pages\/147\/revisions\/245426"}],"wp:attachment":[{"href":"https:\/\/fahrschule-krummenacher.ch\/index.php\/wp-json\/wp\/v2\/media?parent=147"}],"curies":[{"name":"wp","href":"https:\/\/api.w.org\/{rel}","templated":true}]}}