{"id":245168,"date":"2024-08-23T11:03:05","date_gmt":"2024-08-23T09:03:05","guid":{"rendered":"https:\/\/fahrschule-krummenacher.ch\/?page_id=245168"},"modified":"2025-10-26T12:54:40","modified_gmt":"2025-10-26T11:54:40","slug":"agb","status":"publish","type":"page","link":"https:\/\/fahrschule-krummenacher.ch\/index.php\/agb\/","title":{"rendered":"AGB"},"content":{"rendered":"<p>[et_pb_section fb_built=&#8220;1&#8243; _builder_version=&#8220;4.27.0&#8243; _module_preset=&#8220;default&#8220; global_colors_info=&#8220;{}&#8220;][et_pb_row _builder_version=&#8220;4.27.0&#8243; _module_preset=&#8220;default&#8220; global_colors_info=&#8220;{}&#8220;][et_pb_column type=&#8220;4_4&#8243; _builder_version=&#8220;4.27.0&#8243; _module_preset=&#8220;default&#8220; global_colors_info=&#8220;{}&#8220;][et_pb_text _builder_version=&#8220;4.27.3&#8243; _module_preset=&#8220;default&#8220; width=&#8220;100%&#8220; global_colors_info=&#8220;{}&#8220;]<\/p>\n<p>FOCUS ON DRIVING BY KRUMMENACHER I LERCHENWEG 5 I 6343 ROTKREUZ I +41 79 292 15 03<\/p>\n<h1>AGB<br \/>Allgemeine Gesch\u00e4ftsbedingungen<\/h1>\n<p>&nbsp;<\/p>\n<p>1 PARTNER DIESER VEREINBARUNG<\/p>\n<p>Fahrschule: FOCUSonDRIVING by Krummenacher, Fahrschule Marcel Krummenacher, Lerchenweg 5, 6343 Rotkreuz<\/p>\n<p>Ausbildner: Fahrlehrerin\/ Fahrlehrer<\/p>\n<p>Kunde oder Auszubildender: Fahrsch\u00fclerin\/ Fahrsch\u00fcler<\/p>\n<p>&nbsp;<\/p>\n<p>2 GELTUNGSBEREICH<\/p>\n<p>Die allgemeinen Gesch\u00e4ftsbedingungen (AGB) gelten f\u00fcr die Dienstleistungen der Fahrschule Krummenacher (nachfolgend Fahrschule genannt). Diese AGB gelten nicht f\u00fcr den allgemeinen Gesch\u00e4ftsbereich der FOCUSonDRIVING by Krummenacher.<\/p>\n<p>Um die AGB einfach zu halten, wird im gesamten Text die m\u00e4nnliche Form verwendet; die weibliche Form ist selbstverst\u00e4ndlich mit eingeschlossen.<\/p>\n<p>&nbsp;<\/p>\n<p>3 BEGINN UND ENDE DER VEREINBARUNG<\/p>\n<p>Beginn dieser Vereinbarung ist bei jeder schriftlicher oder m\u00fcndlicher Anmeldung (telefonisch, per SMS, WhatsApp oder via Kontaktformular) und endet automatisch nach Ende der vereinbarten Einheit (Lektion, Kurs, Abo). Bei Anmeldung best\u00e4tigt der Kunde sein Einverst\u00e4ndnis mit den AGB. Die Parteien verpflichten sich, die vereinbarten Einheiten (Lektion, Kurs, Abo) durchzuf\u00fchren.<\/p>\n<p>&nbsp;<\/p>\n<p>4 GEW\u00c4HRLEISTUNG<\/p>\n<p>Die Ausbildner sind Fahrlehrer mit eidgen\u00f6ssischem Fachausweis und im Besitz der Fahrlehrerbewilligung. Die Unterrichtslektionen k\u00f6nnen auch durch andere Fahrlehrer als Marcel Krummenacher unterrichtet werden. Die Unterrichtslektionen werden nach dem aktuellsten Stand des Strassenverkehrsrechts und den neuesten methodisch-didaktischen Kenntnissen durchgef\u00fchrt.<span class=\"Apple-converted-space\">\u00a0 <\/span>Der Abschluss der Ausbildungsvereinbarung stellt keine Garantie f\u00fcr die Erlangung des F\u00fchrerausweises dar.<\/p>\n<p>&nbsp;<\/p>\n<p>5 ANMELDUNG UND ABMELDUNG<\/p>\n<ul>\n<li>VRT (Verkehrsregeltheorieunterricht) und PFU (Praktischer Fahrunterricht) k\u00f6nnen in m\u00fcndlicher oder schriftlicher Form erfolgen und sind bei Abschluss (nach Best\u00e4tigung durch Fahrschule und pro Einheit) verbindlich. Abmeldungen m\u00fcssen mindestens 24 Stunden vor Lektionsbeginn (zuz\u00fcglich Sonn- oder Feiertage) erfolgen, ansonsten kann die Lektion verrechnet werden.<\/li>\n<li>VKU (Verkehrskundeunterricht) kann nur via Online-Buchungsformular auf der Internetseite der Fahrschule <a href=\"http:\/\/www.fahrschule-krummenacher.ch\"><span>fahrschule-krummenacher.ch<\/span><\/a> gebucht werden und ist bei Abschluss<span class=\"Apple-converted-space\">\u00a0 <\/span>(nach Best\u00e4tigung durch Fahrschule und pro Einheit) verbindlich.<span class=\"Apple-converted-space\">\u00a0 <\/span>Die Abmeldung muss mindestens 48 Stunden vor Lektionsbeginn (zuz\u00fcglich Sonn- oder Feiertage) erfolgen. Umbuchungen sind mindestens 10 Arbeitstage (Montag bis Freitag) vor Kursbeginn schriftlich (Per E-Mail oder Brief) der Fahrschule zu melden und muss von dieser erwidert werden, ansonsten kann der Kurs vollumf\u00e4nglich verrechnet werden. Bei Nichterscheinen oder versp\u00e4tetem Abmelden wird der Kurs vollumf\u00e4nglich verrechnet.<\/li>\n<\/ul>\n<p>&nbsp;<\/p>\n<p>6 UNTERRICHTSLEKTIONEN<\/p>\n<ul>\n<li>VRT (Verkehrsregeltheorieunterricht) Unterrichtslektionen dauern jeweils 50 Minuten und finden im Unterrichtslokal der Fahrschule statt. Mindestteilnehmerzahl 4 Fahrsch\u00fcler. Maximalteilnehmerzahl 10 Fahrsch\u00fcler.<\/li>\n<li>VKU (Verkehrskundeunterricht) werden jeweils in 4 Doppellektionen \u00e0 120 Minuten oder in 2 Vierfachlektionen \u00e0 240 Minuten durchgef\u00fchrt und finden im Unterrichtslokal der Fahrschule statt.<\/li>\n<li>PFU (Praktischer Fahrunterricht) wird in Einzellektionen \u00e0 50 Minuten, Eineinhalb Lektionen \u00e0 75 Minuten oder Doppellektionen \u00e0 100 Minuten inklusive Besprechung durchgef\u00fchrt und finden grunds\u00e4tzlich auf dem Pr\u00fcfungsgebiet des \u00f6ffentlichen Strassennetzes des Kantons Zug und den benachbarten Regionen statt.<\/li>\n<li>Die Lektionen bestehen aus Begr\u00fcssung, Orientierung, Instruktionen, praktischer Fahrunterricht, Schlussbesprechung und neuer Terminfindung.<\/li>\n<li>Der Lernfahrausweis ist beim praktischen Fahrunterricht mitzuf\u00fchren und vor der Lektion vorzuweisen. Ohne g\u00fcltigen Lernfahrausweis kann die Lektion mit Kostenfolge abgesagt werden.<\/li>\n<li>W\u00e4hrend dem praktischen Unterricht ist optimale Kleidung f\u00fcr die Fahrt zwingend; Festes Schuhwerk ohne hohen Abs\u00e4tze, keine weiten Pullover und Jacken, keine Sichthemmenden Gegenst\u00e4nde auf dem Kopf, sowie keine Haarspangen.<\/li>\n<\/ul>\n<p>&nbsp;<\/p>\n<p>7 FAHRSCHULFAHRZEUGE<\/p>\n<p>Die dem praktischen Fahrunterricht zur Verf\u00fcgung stehende Fahrzeuge sind als Fahrschulfahrzeug versichert und mit Doppelpedalen und einem zus\u00e4tzlichen Spiegelsatz ausger\u00fcstet. Bei Ausfall oder Service des Fahrschulfahrzeuges kann auch ein Normal ausgestattetes Fahrzeug zum Einsatz kommen.<\/p>\n<p>&nbsp;<\/p>\n<p>8 PREISE UND ABRECHNUNG VON UNTERRICHTSLEKTIONEN<\/p>\n<p>Die Preise f\u00fcr die jeweiligen Kurse\/Lektionen sind auf der Homepage der Fahrschule gelistet und k\u00f6nnen jederzeit \u00e4ndern. Sie sind verbindlich und gelten f\u00fcr die gelisteten Treffpunkte. Bei abweichenden Treff- oder Absetzpunkten kann pauschal ein Zuschlag von CHF 5.- pro Termin verrechnet werden.<span class=\"Apple-converted-space\">\u00a0<\/span><\/p>\n<p>Vorausbezahlte Kursgelder und Abos sind ab Zahlungsdatum unter Vorbehalt von Preis\u00e4nderungen 2 Jahre lang g\u00fcltig. Vereinbarte und bezahlte Abopreise sind von Preis\u00e4nderungen nicht betroffen.<\/p>\n<p>Nicht genutzte und vorausbezahlte Einzellektionen werden vollumf\u00e4nglich zur\u00fcckerstattet. Ausgenommen davon<span class=\"Apple-converted-space\">\u00a0 <\/span>sind Gutscheine und Abonnements.<\/p>\n<p>Die theoretischen oder praktischen Unterrichtslektionen sind rein Netto und werden grunds\u00e4tzlich am Ende (PFU) oder am Anfang (VKU, VRT) jeder Lektion oder Kurs entweder in bar, via Twint oder Kreditkarte bezahlt. Die Fahrschule stellt nur nach Absprache Rechnung an die Kunden. Allgemeine Zahlungsfrist der Rechnungen betr\u00e4gt 10 Tage ab Rechnungsdatum.<\/p>\n<p>Die Kosten f\u00fcr Rechnungskopien und Kontoauszug betragen CHF 10.-<\/p>\n<p>Bei nicht termingerechter Zahlung wird eine Erinnerung ohne Kostenfolge ausgesprochen.<\/p>\n<p>Mahngeb\u00fchren: 1. Mahnung nach 30 Tagen kostenlos, 2. und letzte Mahnung CHF 20% Zuschlag vom Rechnungsbetrag.<\/p>\n<p>Betreibungen werden nach Aufwand, jedoch mindestens mit CHF 200.- zus\u00e4tzlich zum geschuldeten Betrag verrechnet.<\/p>\n<p>Der Unterrichtspreis unterscheidet sich nicht, wenn die Auszubildende Person mit dem privaten Auto am Unterricht teilnimmt.<span class=\"Apple-converted-space\">\u00a0<\/span><\/p>\n<p>Bei Ausfall oder Umdisposition des Fahrschulfahrzeuges ist keine Verminderung des Unterrichtspreises vorgesehen.<\/p>\n<p>&nbsp;<\/p>\n<p>9 VERSICHERUNG<\/p>\n<p>Die Fahrschule ist f\u00fcr maximalen Schutz im Strassenverkehr versichert. Die Kosten f\u00fcr die Versicherung ist im Lektionenpreis inbegriffen.<\/p>\n<p>&nbsp;<\/p>\n<p>10 DURCHF\u00dcHRUNG DER LEKTIONEN \/ KURSE<\/p>\n<p>Die Fahrschule beh\u00e4lt sich vor, aus Gr\u00fcnden h\u00f6herer Gewalt (wie z.B. Unwetter, Krankheit etc.), die Lektion \/ Kurs nicht durchzuf\u00fchren. Ebenfalls kann ein Kurs aus Grund von Teilnehmermangel umgebucht oder abgesagt werden. Dieser Umstand kann Kurzfristig , aber sp\u00e4t. 48 Stunden vor Kursbeginn eintreten. In den genannten F\u00e4llen entstehen keine Kosten.<\/p>\n<p>&nbsp;<\/p>\n<p>11 MELDEPFLICHT DES AUSZUBILDENDEN<\/p>\n<p>Der Auszubildende ist verpflichtet, eine allf\u00e4llige Adress\u00e4nderung, eine neue Telefonnummer oder andere pers\u00f6nliche \u00c4nderungen der Fahrschule zu melden.<\/p>\n<p>&nbsp;<\/p>\n<p>12 PRAKTISCHE F\u00dcHRERPR\u00dcFUNG<\/p>\n<p>F\u00fcr einen Pr\u00fcfungstermin gilt: Grunds\u00e4tzlich wird eine Vorbereitungsfahrt (max. 50 Minuten) und die anschliessende Pr\u00fcfung (1,5x 50 Minuten), Total 2,5 Lektionenl\u00e4ngen verrechnet oder am Abonnement abgezogen, ausser der Fahrsch\u00fcler verzichtet auf die Vorbereitungsfahrt vor der Pr\u00fcfung. Dann wird nur f\u00fcr die Pr\u00fcfungszeit alleine 1,5 Lektionenl\u00e4ngen verrechnet.<span class=\"Apple-converted-space\">\u00a0<\/span><\/p>\n<p>Die Fahrschule beh\u00e4lt sich vor, wenn die Pr\u00fcfungsreife oder der zu erwartende Ausbildungsstand des Auszubildenden nicht erreicht wird, die theoretische oder praktische F\u00fchrerpr\u00fcfung abzusagen. Ebenfalls m\u00fcssen alle offenen Forderungen<span class=\"Apple-converted-space\">\u00a0 <\/span>gegen\u00fcber der Fahrschule vor Antritt einer Pr\u00fcfung beglichen sein (inkl. Vorbereitungsfahrt und Pr\u00fcfungsfahrt). Das heisst: Pr\u00fcfungstermine k\u00f6nnen sonst Kostenpflichtig von Seite Fahrschule beim Strassenverkehrsamt abgesagt werden.<\/p>\n<p>&nbsp;<\/p>\n<p><span><\/span><\/p>\n<p><span>14 VERMITTLUNG<\/span><\/p>\n<p><span>Bei Vermittlung eines neuen Fahrsch\u00fclers (der sich mindestens f\u00fcr ein 15er oder 20er <\/span><span>Abo entscheidet) durch einen aktiven Fahrsch\u00fcler der Fahrschule, kann die Fahrschule <\/span><span>dem aktiven Fahrsch\u00fcler eine unentgeltliche Lektion anbieten.<\/span><\/p>\n<p><span><\/span><\/p>\n<p><span><\/span><\/p>\n<p><span>13 GERICHTSSTAND<\/span><\/p>\n<p><span>Es gilt das Schweizer Recht. Gerichtsstand ist der Firmensitz der Fahrschule <\/span><span>Krummenacher.<\/span><\/p>\n<p>[\/et_pb_text][\/et_pb_column][\/et_pb_row][\/et_pb_section]<\/p>\n","protected":false},"excerpt":{"rendered":"<p>FOCUS ON DRIVING BY KRUMMENACHER I LERCHENWEG 5 I 6343 ROTKREUZ I +41 79 292 15 03 AGBAllgemeine Gesch\u00e4ftsbedingungen &nbsp; 1 PARTNER DIESER VEREINBARUNG Fahrschule: FOCUSonDRIVING by Krummenacher, Fahrschule Marcel Krummenacher, Lerchenweg 5, 6343 Rotkreuz Ausbildner: Fahrlehrerin\/ Fahrlehrer Kunde oder Auszubildender: Fahrsch\u00fclerin\/ Fahrsch\u00fcler &nbsp; 2 GELTUNGSBEREICH Die allgemeinen Gesch\u00e4ftsbedingungen (AGB) gelten f\u00fcr die Dienstleistungen der [&hellip;]<\/p>\n","protected":false},"author":1,"featured_media":0,"parent":0,"menu_order":0,"comment_status":"closed","ping_status":"closed","template":"","meta":{"_et_pb_use_builder":"on","_et_pb_old_content":"","_et_gb_content_width":"","footnotes":""},"class_list":["post-245168","page","type-page","status-publish","hentry"],"_links":{"self":[{"href":"https:\/\/fahrschule-krummenacher.ch\/index.php\/wp-json\/wp\/v2\/pages\/245168","targetHints":{"allow":["GET"]}}],"collection":[{"href":"https:\/\/fahrschule-krummenacher.ch\/index.php\/wp-json\/wp\/v2\/pages"}],"about":[{"href":"https:\/\/fahrschule-krummenacher.ch\/index.php\/wp-json\/wp\/v2\/types\/page"}],"author":[{"embeddable":true,"href":"https:\/\/fahrschule-krummenacher.ch\/index.php\/wp-json\/wp\/v2\/users\/1"}],"replies":[{"embeddable":true,"href":"https:\/\/fahrschule-krummenacher.ch\/index.php\/wp-json\/wp\/v2\/comments?post=245168"}],"version-history":[{"count":6,"href":"https:\/\/fahrschule-krummenacher.ch\/index.php\/wp-json\/wp\/v2\/pages\/245168\/revisions"}],"predecessor-version":[{"id":245492,"href":"https:\/\/fahrschule-krummenacher.ch\/index.php\/wp-json\/wp\/v2\/pages\/245168\/revisions\/245492"}],"wp:attachment":[{"href":"https:\/\/fahrschule-krummenacher.ch\/index.php\/wp-json\/wp\/v2\/media?parent=245168"}],"curies":[{"name":"wp","href":"https:\/\/api.w.org\/{rel}","templated":true}]}}