{"id":245242,"date":"2024-10-10T10:15:41","date_gmt":"2024-10-10T08:15:41","guid":{"rendered":"https:\/\/fahrschule-krummenacher.ch\/?page_id=245242"},"modified":"2025-01-19T11:39:52","modified_gmt":"2025-01-19T10:39:52","slug":"fahrschulauto","status":"publish","type":"page","link":"https:\/\/fahrschule-krummenacher.ch\/index.php\/fahrschulauto\/","title":{"rendered":"Fahrschulauto"},"content":{"rendered":"\n[et_pb_section fb_built=&#8220;1&#8243; _builder_version=&#8220;4.27.2&#8243; _module_preset=&#8220;default&#8220; use_background_color_gradient=&#8220;on&#8220; background_color_gradient_direction=&#8220;92deg&#8220; background_color_gradient_stops=&#8220;#000000 0%|rgba(255,255,255,0) 100%&#8220; background_image=&#8220;https:\/\/fahrschule-krummenacher.ch\/wp-content\/uploads\/2024\/10\/FotoFi_101-scaled.jpg&#8220; background_size=&#8220;custom&#8220; background_blend=&#8220;overlay&#8220; hover_enabled=&#8220;0&#8243; global_colors_info=&#8220;{}&#8220; sticky_enabled=&#8220;0&#8243;][et_pb_row _builder_version=&#8220;4.27.2&#8243; _module_preset=&#8220;default&#8220; custom_padding=&#8220;5%||5%||true|false&#8220; global_colors_info=&#8220;{}&#8220;][et_pb_column type=&#8220;4_4&#8243; _builder_version=&#8220;4.27.2&#8243; _module_preset=&#8220;default&#8220; global_colors_info=&#8220;{}&#8220;][et_pb_text _builder_version=&#8220;4.27.2&#8243; _module_preset=&#8220;default&#8220; text_text_color=&#8220;#FFFFFF&#8220; text_font_size=&#8220;18px&#8220; header_font=&#8220;|800||on|||||&#8220; header_text_color=&#8220;#FFFFFF&#8220; hover_enabled=&#8220;0&#8243; global_colors_info=&#8220;{}&#8220; sticky_enabled=&#8220;0&#8243;]<h1>Fahrschulauto<\/h1>\n<p>Mein Fahrschulfahrzeug ist ein schwarzer Volvo V40 D3, der durch sein elegantes Design und seine moderne Ausstattung besticht. Markentypisch gl\u00e4zt der Volvo V40 mit einer der umfangreichsten serienm\u00e4ssigen Sicherheitsausstattungen in seinem Segment. Darunter f\u00e4llt auch das Volvo City Safty System, das nicht nur andere Verkehrsteilnehmer, sondern auch Fussg\u00e4nger und Fahrradfahrer erkennt und vor einer drohenden Kollision warnt. So lassen sich Unf\u00e4lle vollst\u00e4ndig vermeiden oder zumindest deren Schwere deutlich reduzieren.\u00a0<\/p>\n<p>Der Vortrieb \u00fcbernimmt ein bew\u00e4hrtes Dieseltriebwerk aus der von Volvo entwickelten Drive-E Motorenfamilie, das eine Leistung von 150PS entwickelt und einen Durchschnittlichen Verbrauch von 4,6 lt.\/100km hat. F\u00fcr die Kraft\u00fcbertragung steht eine Sechsstufen-Automatik bereit.<\/p>\n<p>Insgesamt ist der Volvo V40 D3 ein beliebtes und komfortables Fahrschulfahrzeug.<\/p>[\/et_pb_text][\/et_pb_column][\/et_pb_row][\/et_pb_section][et_pb_section fb_built=&#8220;1&#8243; _builder_version=&#8220;4.27.2&#8243; _module_preset=&#8220;default&#8220; global_colors_info=&#8220;{}&#8220;][et_pb_row _builder_version=&#8220;4.27.2&#8243; _module_preset=&#8220;default&#8220; global_colors_info=&#8220;{}&#8220;][et_pb_column type=&#8220;4_4&#8243; _builder_version=&#8220;4.27.2&#8243; _module_preset=&#8220;default&#8220; global_colors_info=&#8220;{}&#8220;][el_justified_gallery image_ids=&#8220;245194,245196,245195,245247,245227,245246&#8243; image_size=&#8220;full&#8220; click_trigger=&#8220;lightbox&#8220; _builder_version=&#8220;4.27.2&#8243; _module_preset=&#8220;default&#8220; global_colors_info=&#8220;{}&#8220;][\/el_justified_gallery][et_pb_blurb title=&#8220;Technische Daten Volvo V40&#8243; use_icon=&#8220;on&#8220; font_icon=&#8220;&#xf085;||fa||900&#8243; icon_color=&#8220;gcid-6a4c7f79-9d83-4790-b970-5d1a198a57ea&#8220; content_max_width=&#8220;600px&#8220; _builder_version=&#8220;4.27.2&#8243; _module_preset=&#8220;default&#8220; header_font=&#8220;|800|||||||&#8220; header_text_color=&#8220;#000000&#8243; text_orientation=&#8220;center&#8220; module_alignment=&#8220;center&#8220; hover_enabled=&#8220;0&#8243; global_colors_info=&#8220;{%22gcid-6a4c7f79-9d83-4790-b970-5d1a198a57ea%22:%91%22icon_color%22%93}&#8220; sticky_enabled=&#8220;0&#8243; content_last_edited=&#8220;on|phone&#8220; content_phone=&#8220;<p>&nbsp;<\/p>\n<table class=%22w-full va-table-comparison min-w-full font-skin-primary text-xs mb-9 tableComparison_table__F8DMD%22 style=%22height: 1114px; width: 200px; float: left;%22 width=%22200%22>\n<tbody>\n<tr class=%22text-left tableComparison_table-headline__oZC2Z%22 style=%22height: 24px;%22>\n<th colspan=%222%22 class=%22p-4 border-b border-skin-grey-medium border-solid%22 style=%22text-align: center; height: 24px; width: 409.594px;%22>Antrieb<\/th>\n<\/tr>\n<tr style=%22height: 48px;%22>\n<td class=%22font-bold%22 style=%22height: 48px; width: 169.391px;%22>Zylinderzahl \/ Motorbauart<\/td>\n<td style=%22height: 48px; width: 234.203px;%22>5-Zylinder Reihenmotor<\/td>\n<\/tr>\n<tr style=%22height: 24px;%22>\n<td class=%22font-bold%22 style=%22height: 24px; width: 169.391px;%22>Einbaulage \/ Richtung<\/td>\n<td style=%22height: 24px; width: 234.203px;%22>vorne \/ quer<\/td>\n<\/tr>\n<tr style=%22height: 48px;%22>\n<td class=%22font-bold%22 style=%22height: 48px; width: 169.391px;%22>Hubraum \/ Verdichtung<\/td>\n<td style=%22height: 48px; width: 234.203px;%22>1984 cm\u00b3 \/ 16,5:1<\/td>\n<\/tr>\n<tr style=%22height: 24px;%22>\n<td class=%22font-bold%22 style=%22height: 24px; width: 169.391px;%22>Aufladung<\/td>\n<td style=%22height: 24px; width: 234.203px;%22>Abgasturbolader<\/td>\n<\/tr>\n<tr style=%22height: 48px;%22>\n<td class=%22font-bold%22 style=%22height: 48px; width: 169.391px;%22>Leistung<\/td>\n<td style=%22height: 48px; width: 234.203px;%22>110 kW \/ 150 PS bei 3500 U\/min<\/td>\n<\/tr>\n<tr style=%22height: 48px;%22>\n<td class=%22font-bold%22 style=%22height: 48px; width: 169.391px;%22>max. Drehmoment<\/td>\n<td style=%22height: 48px; width: 234.203px;%22>350 Nm bei 1500 U\/min<\/td>\n<\/tr>\n<tr style=%22height: 48px;%22>\n<td class=%22font-bold%22 style=%22height: 48px; width: 169.391px;%22>Verbrennungsverfahren<\/td>\n<td style=%22height: 48px; width: 234.203px;%22>Diesel Direkteinspritzung<\/td>\n<\/tr>\n<tr style=%22height: 24px;%22>\n<td class=%22font-bold%22 style=%22height: 24px; width: 169.391px;%22>Antriebsart<\/td>\n<td style=%22height: 24px; width: 234.203px;%22>Vorderradantrieb<\/td>\n<\/tr>\n<tr style=%22height: 48px;%22>\n<td class=%22font-bold%22 style=%22height: 48px; width: 169.391px;%22>Getriebe<\/td>\n<td style=%22height: 48px; width: 234.203px;%22>6-Gang Automatikgetriebe<\/td>\n<\/tr>\n<tr style=%22height: 0px;%22>\n<td class=%22font-bold%22 style=%22height: 0px; width: 169.391px;%22><\/td>\n<td style=%22height: 0px; width: 234.203px;%22><\/td>\n<\/tr>\n<tr class=%22text-left tableComparison_table-headline__oZC2Z%22 style=%22height: 24px;%22>\n<th colspan=%222%22 class=%22p-4 border-b border-skin-grey-medium border-solid%22 style=%22height: 24px; width: 409.594px;%22>Karosserie und Abmessungen<\/th>\n<\/tr>\n<tr style=%22height: 48px;%22>\n<td class=%22font-bold%22 style=%22height: 48px; width: 169.391px;%22>Typ<\/td>\n<td style=%22height: 48px; width: 234.203px;%22>Limousine mit Fliessheck<\/td>\n<\/tr>\n<tr style=%22height: 24px;%22>\n<td class=%22font-bold%22 style=%22height: 24px; width: 169.391px;%22>T\u00fcren \/ Sitzpl\u00e4tze<\/td>\n<td style=%22height: 24px; width: 234.203px;%22>4 \/ 5<\/td>\n<\/tr>\n<tr style=%22height: 48px;%22>\n<td class=%22font-bold%22 style=%22height: 48px; width: 169.391px;%22>Aussenmasse<\/td>\n<td style=%22height: 48px; width: 234.203px;%22>4369 x 1783 x 1420 mm<\/td>\n<\/tr>\n<tr style=%22height: 24px;%22>\n<td class=%22font-bold%22 style=%22height: 24px; width: 169.391px;%22>Radstand<\/td>\n<td style=%22height: 24px; width: 234.203px;%22>2646 mm<\/td>\n<\/tr>\n<tr style=%22height: 24px;%22>\n<td class=%22font-bold%22 style=%22height: 24px; width: 169.391px;%22>Spurweite<\/td>\n<td style=%22height: 24px; width: 234.203px;%22>1559 \/ 1546 mm<\/td>\n<\/tr>\n<tr>\n<td style=%22width: 169.391px; text-align: left;%22>Aktive Fahrerunterst\u00fctzung und Sicherheitssysteme:<\/td>\n<td style=%22width: 234.203px;%22>\n<ul>\n<li>Anti Blockiersystem (ABS)<\/li>\n<li>Elektronische Stabilit\u00e4tskontrolle (ESC)<\/li>\n<li>Geschwindigkeitsbegrenzer (Limiter)<\/li>\n<li>Tempomat (CC &#8211; Cruise Control)<\/li>\n<li>Notbremsassistenz (EBA)<\/li>\n<li>Anfahrhilfe in Steigungen (HSA)<\/li>\n<li>Einparksensoren hinten<\/li>\n<li>City Safety (Bremsunterst\u00fctzung innerorts)<\/li>\n<li>Gurtstraffer<\/li>\n<li>Airbag Systeme<\/li>\n<li>Whiplash Schutz (WHIPS)<\/li>\n<\/ul>\n<\/td>\n<\/tr>\n<\/tbody>\n<\/table>\n<p>&nbsp;<\/p>&#8220; content_tablet=&#8220;<p>&nbsp;<\/p>\n<table class=%22w-full va-table-comparison min-w-full font-skin-primary text-xs mb-9 tableComparison_table__F8DMD%22 style=%22height: 576px;%22>\n<tbody>\n<tr class=%22text-left tableComparison_table-headline__oZC2Z%22 style=%22height: 24px;%22>\n<th colspan=%222%22 class=%22p-4 border-b border-skin-grey-medium border-solid%22 style=%22text-align: center; height: 24px; width: 369.594px;%22>Antrieb<\/th>\n<\/tr>\n<tr style=%22height: 48px;%22>\n<td class=%22font-bold%22 style=%22height: 48px; width: 169.391px;%22>Zylinderzahl \/ Motorbauart<\/td>\n<td style=%22height: 48px; width: 194.203px;%22>5-Zylinder Reihenmotor<\/td>\n<\/tr>\n<tr style=%22height: 24px;%22>\n<td class=%22font-bold%22 style=%22height: 24px; width: 169.391px;%22>Einbaulage \/ Richtung<\/td>\n<td style=%22height: 24px; width: 194.203px;%22>vorne \/ quer<\/td>\n<\/tr>\n<tr style=%22height: 48px;%22>\n<td class=%22font-bold%22 style=%22height: 48px; width: 169.391px;%22>Hubraum \/ Verdichtung<\/td>\n<td style=%22height: 48px; width: 194.203px;%22>1984 cm\u00b3 \/ 16,5:1<\/td>\n<\/tr>\n<tr style=%22height: 24px;%22>\n<td class=%22font-bold%22 style=%22height: 24px; width: 169.391px;%22>Aufladung<\/td>\n<td style=%22height: 24px; width: 194.203px;%22>Abgasturbolader<\/td>\n<\/tr>\n<tr style=%22height: 48px;%22>\n<td class=%22font-bold%22 style=%22height: 48px; width: 169.391px;%22>Leistung<\/td>\n<td style=%22height: 48px; width: 194.203px;%22>110 kW \/ 150 PS bei 3500 U\/min<\/td>\n<\/tr>\n<tr style=%22height: 48px;%22>\n<td class=%22font-bold%22 style=%22height: 48px; width: 169.391px;%22>max. Drehmoment<\/td>\n<td style=%22height: 48px; width: 194.203px;%22>350 Nm bei 1500 U\/min<\/td>\n<\/tr>\n<tr style=%22height: 48px;%22>\n<td class=%22font-bold%22 style=%22height: 48px; width: 169.391px;%22>Verbrennungsverfahren<\/td>\n<td style=%22height: 48px; width: 194.203px;%22>Diesel Direkteinspritzung<\/td>\n<\/tr>\n<tr style=%22height: 24px;%22>\n<td class=%22font-bold%22 style=%22height: 24px; width: 169.391px;%22>Antriebsart<\/td>\n<td style=%22height: 24px; width: 194.203px;%22>Vorderradantrieb<\/td>\n<\/tr>\n<tr style=%22height: 48px;%22>\n<td class=%22font-bold%22 style=%22height: 48px; width: 169.391px;%22>Getriebe<\/td>\n<td style=%22height: 48px; width: 194.203px;%22>6-Gang Automatikgetriebe<\/td>\n<\/tr>\n<tr style=%22height: 0px;%22>\n<td class=%22font-bold%22 style=%22height: 0px; width: 169.391px;%22><\/td>\n<td style=%22height: 0px; width: 194.203px;%22><\/td>\n<\/tr>\n<tr class=%22text-left tableComparison_table-headline__oZC2Z%22 style=%22height: 24px;%22>\n<th colspan=%222%22 class=%22p-4 border-b border-skin-grey-medium border-solid%22 style=%22height: 24px; width: 369.594px;%22>Karosserie und Abmessungen<\/th>\n<\/tr>\n<tr style=%22height: 48px;%22>\n<td class=%22font-bold%22 style=%22height: 48px; width: 169.391px;%22>Typ<\/td>\n<td style=%22height: 48px; width: 194.203px;%22>Limousine mit Fliessheck<\/td>\n<\/tr>\n<tr style=%22height: 24px;%22>\n<td class=%22font-bold%22 style=%22height: 24px; width: 169.391px;%22>T\u00fcren \/ Sitzpl\u00e4tze<\/td>\n<td style=%22height: 24px; width: 194.203px;%22>4 \/ 5<\/td>\n<\/tr>\n<tr style=%22height: 48px;%22>\n<td class=%22font-bold%22 style=%22height: 48px; width: 169.391px;%22>Aussenmasse<\/td>\n<td style=%22height: 48px; width: 194.203px;%22>4369 x 1783 x 1420 mm<\/td>\n<\/tr>\n<tr style=%22height: 24px;%22>\n<td class=%22font-bold%22 style=%22height: 24px; width: 169.391px;%22>Radstand<\/td>\n<td style=%22height: 24px; width: 194.203px;%22>2646 mm<\/td>\n<\/tr>\n<tr style=%22height: 24px;%22>\n<td class=%22font-bold%22 style=%22height: 24px; width: 169.391px;%22>Spurweite<\/td>\n<td style=%22height: 24px; width: 194.203px;%22>1559 \/ 1546 mm<\/td>\n<\/tr>\n<tr>\n<td style=%22width: 169.391px; text-align: left;%22>Aktive Fahrerunterst\u00fctzung und Sicherheitssysteme:<\/td>\n<td style=%22width: 194.203px;%22>\n<ul>\n<li>Anti Blockiersystem (ABS)<\/li>\n<li>Elektronische Stabilit\u00e4tskontrolle (ESC)<\/li>\n<li>Geschwindigkeitsbegrenzer (Limiter)<\/li>\n<li>Tempomat (CC &#8211; Cruise Control)<\/li>\n<li>Notbremsassistenz (EBA)<\/li>\n<li>Anfahrhilfe in Steigungen (HSA)<\/li>\n<li>Einparksensoren hinten<\/li>\n<li>City Safety (Bremsunterst\u00fctzung innerorts)<\/li>\n<li>Gurtstraffer<\/li>\n<li>Airbag Systeme<\/li>\n<li>Whiplash Schutz (WHIPS)<\/li>\n<\/ul>\n<\/td>\n<\/tr>\n<\/tbody>\n<\/table>\n<p>&nbsp;<\/p>&#8222;]<p>&nbsp;<\/p>\n<table class=\"w-full va-table-comparison min-w-full font-skin-primary text-xs mb-9 tableComparison_table__F8DMD\" style=\"height: 576px;\">\n<tbody>\n<tr class=\"text-left tableComparison_table-headline__oZC2Z\" style=\"height: 24px;\">\n<th colspan=\"2\" class=\"p-4 border-b border-skin-grey-medium border-solid\" style=\"text-align: center; height: 24px; width: 369.594px;\">Antrieb<\/th>\n<\/tr>\n<tr style=\"height: 48px;\">\n<td class=\"font-bold\" style=\"height: 48px; width: 169.391px;\">Zylinderzahl \/ Motorbauart<\/td>\n<td style=\"height: 48px; width: 194.203px;\">5-Zylinder Reihenmotor<\/td>\n<\/tr>\n<tr style=\"height: 24px;\">\n<td class=\"font-bold\" style=\"height: 24px; width: 169.391px;\">Einbaulage \/ Richtung<\/td>\n<td style=\"height: 24px; width: 194.203px;\">vorne \/ quer<\/td>\n<\/tr>\n<tr style=\"height: 48px;\">\n<td class=\"font-bold\" style=\"height: 48px; width: 169.391px;\">Hubraum \/ Verdichtung<\/td>\n<td style=\"height: 48px; width: 194.203px;\">1984 cm\u00b3 \/ 16,5:1<\/td>\n<\/tr>\n<tr style=\"height: 24px;\">\n<td class=\"font-bold\" style=\"height: 24px; width: 169.391px;\">Aufladung<\/td>\n<td style=\"height: 24px; width: 194.203px;\">Abgasturbolader<\/td>\n<\/tr>\n<tr style=\"height: 48px;\">\n<td class=\"font-bold\" style=\"height: 48px; width: 169.391px;\">Leistung<\/td>\n<td style=\"height: 48px; width: 194.203px;\">110 kW \/ 150 PS bei 3500 U\/min<\/td>\n<\/tr>\n<tr style=\"height: 48px;\">\n<td class=\"font-bold\" style=\"height: 48px; width: 169.391px;\">max. Drehmoment<\/td>\n<td style=\"height: 48px; width: 194.203px;\">350 Nm bei 1500 U\/min<\/td>\n<\/tr>\n<tr style=\"height: 48px;\">\n<td class=\"font-bold\" style=\"height: 48px; width: 169.391px;\">Verbrennungsverfahren<\/td>\n<td style=\"height: 48px; width: 194.203px;\">Diesel Direkteinspritzung<\/td>\n<\/tr>\n<tr style=\"height: 24px;\">\n<td class=\"font-bold\" style=\"height: 24px; width: 169.391px;\">Antriebsart<\/td>\n<td style=\"height: 24px; width: 194.203px;\">Vorderradantrieb<\/td>\n<\/tr>\n<tr style=\"height: 48px;\">\n<td class=\"font-bold\" style=\"height: 48px; width: 169.391px;\">Getriebe<\/td>\n<td style=\"height: 48px; width: 194.203px;\">6-Gang Automatikgetriebe<\/td>\n<\/tr>\n<tr style=\"height: 0px;\">\n<td class=\"font-bold\" style=\"height: 0px; width: 169.391px;\"><\/td>\n<td style=\"height: 0px; width: 194.203px;\"><\/td>\n<\/tr>\n<tr class=\"text-left tableComparison_table-headline__oZC2Z\" style=\"height: 24px;\">\n<th colspan=\"2\" class=\"p-4 border-b border-skin-grey-medium border-solid\" style=\"height: 24px; width: 369.594px;\">Karosserie und Abmessungen<\/th>\n<\/tr>\n<tr style=\"height: 48px;\">\n<td class=\"font-bold\" style=\"height: 48px; width: 169.391px;\">Typ<\/td>\n<td style=\"height: 48px; width: 194.203px;\">Limousine mit Fliessheck<\/td>\n<\/tr>\n<tr style=\"height: 24px;\">\n<td class=\"font-bold\" style=\"height: 24px; width: 169.391px;\">T\u00fcren \/ Sitzpl\u00e4tze<\/td>\n<td style=\"height: 24px; width: 194.203px;\">4 \/ 5<\/td>\n<\/tr>\n<tr style=\"height: 48px;\">\n<td class=\"font-bold\" style=\"height: 48px; width: 169.391px;\">Aussenmasse<\/td>\n<td style=\"height: 48px; width: 194.203px;\">4369 x 1783 x 1420 mm<\/td>\n<\/tr>\n<tr style=\"height: 24px;\">\n<td class=\"font-bold\" style=\"height: 24px; width: 169.391px;\">Radstand<\/td>\n<td style=\"height: 24px; width: 194.203px;\">2646 mm<\/td>\n<\/tr>\n<tr style=\"height: 24px;\">\n<td class=\"font-bold\" style=\"height: 24px; width: 169.391px;\">Spurweite<\/td>\n<td style=\"height: 24px; width: 194.203px;\">1559 \/ 1546 mm<\/td>\n<\/tr>\n<tr>\n<td style=\"width: 169.391px; text-align: left;\">Aktive Fahrerunterst\u00fctzung und Sicherheitssysteme:<\/td>\n<td style=\"width: 194.203px;\">\n<ul>\n<li>Anti Blockiersystem (ABS)<\/li>\n<li>Elektronische Stabilit\u00e4tskontrolle (ESC)<\/li>\n<li>Geschwindigkeitsbegrenzer (Limiter)<\/li>\n<li>Tempomat (CC &#8211; Cruise Control)<\/li>\n<li>Notbremsassistenz (EBA)<\/li>\n<li>Anfahrhilfe in Steigungen (HSA)<\/li>\n<li>Einparksensoren hinten<\/li>\n<li>City Safety (Bremsunterst\u00fctzung innerorts)<\/li>\n<li>Gurtstraffer<\/li>\n<li>Airbag Systeme<\/li>\n<li>Whiplash Schutz (WHIPS)<\/li>\n<\/ul>\n<\/td>\n<\/tr>\n<\/tbody>\n<\/table>\n<p>&nbsp;<\/p>[\/et_pb_blurb][\/et_pb_column][\/et_pb_row][\/et_pb_section]\n","protected":false},"excerpt":{"rendered":"<p>Fahrschulauto Mein Fahrschulfahrzeug ist ein schwarzer Volvo V40 D3, der durch sein elegantes Design und seine moderne Ausstattung besticht. Markentypisch gl\u00e4zt der Volvo V40 mit einer der umfangreichsten serienm\u00e4ssigen Sicherheitsausstattungen in seinem Segment. Darunter f\u00e4llt auch das Volvo City Safty System, das nicht nur andere Verkehrsteilnehmer, sondern auch Fussg\u00e4nger und Fahrradfahrer erkennt und vor einer [&hellip;]<\/p>\n","protected":false},"author":1,"featured_media":0,"parent":0,"menu_order":0,"comment_status":"closed","ping_status":"closed","template":"","meta":{"_et_pb_use_builder":"on","_et_pb_old_content":"","_et_gb_content_width":"","footnotes":""},"class_list":["post-245242","page","type-page","status-publish","hentry"],"_links":{"self":[{"href":"https:\/\/fahrschule-krummenacher.ch\/index.php\/wp-json\/wp\/v2\/pages\/245242","targetHints":{"allow":["GET"]}}],"collection":[{"href":"https:\/\/fahrschule-krummenacher.ch\/index.php\/wp-json\/wp\/v2\/pages"}],"about":[{"href":"https:\/\/fahrschule-krummenacher.ch\/index.php\/wp-json\/wp\/v2\/types\/page"}],"author":[{"embeddable":true,"href":"https:\/\/fahrschule-krummenacher.ch\/index.php\/wp-json\/wp\/v2\/users\/1"}],"replies":[{"embeddable":true,"href":"https:\/\/fahrschule-krummenacher.ch\/index.php\/wp-json\/wp\/v2\/comments?post=245242"}],"version-history":[{"count":9,"href":"https:\/\/fahrschule-krummenacher.ch\/index.php\/wp-json\/wp\/v2\/pages\/245242\/revisions"}],"predecessor-version":[{"id":245361,"href":"https:\/\/fahrschule-krummenacher.ch\/index.php\/wp-json\/wp\/v2\/pages\/245242\/revisions\/245361"}],"wp:attachment":[{"href":"https:\/\/fahrschule-krummenacher.ch\/index.php\/wp-json\/wp\/v2\/media?parent=245242"}],"curies":[{"name":"wp","href":"https:\/\/api.w.org\/{rel}","templated":true}]}}